{"id":19,"date":"2023-12-03T21:45:29","date_gmt":"2023-12-03T21:45:29","guid":{"rendered":"https:\/\/stemberga.com\/booking-confirmation\/transaction-failed\/"},"modified":"2023-12-03T21:45:29","modified_gmt":"2023-12-03T21:45:29","slug":"transaction-failed","status":"publish","type":"page","link":"https:\/\/dusati.com\/hr\/booking-confirmation\/transaction-failed\/","title":{"rendered":"Neuspjela transakcija"},"content":{"rendered":"<p>Na\u017ealost, va\u0161a se transakcija trenutno ne mo\u017ee dovr\u0161iti. Poku\u0161ajte ponovno ili nas kontaktirajte.<\/p>\n","protected":false},"excerpt":{"rendered":"<p>Na\u017ealost, va\u0161a se transakcija trenutno ne mo\u017ee dovr\u0161iti. Poku\u0161ajte ponovno ili nas kontaktirajte.<\/p>\n","protected":false},"author":1,"featured_media":0,"parent":15,"menu_order":0,"comment_status":"closed","ping_status":"closed","template":"","meta":{"inline_featured_image":false,"_monsterinsights_skip_tracking":false,"_monsterinsights_sitenote_active":false,"_monsterinsights_sitenote_note":"","_monsterinsights_sitenote_category":0,"footnotes":""},"class_list":["post-19","page","type-page","status-publish","hentry"],"aioseo_notices":[],"_links":{"self":[{"href":"https:\/\/dusati.com\/hr\/wp-json\/wp\/v2\/pages\/19","targetHints":{"allow":["GET"]}}],"collection":[{"href":"https:\/\/dusati.com\/hr\/wp-json\/wp\/v2\/pages"}],"about":[{"href":"https:\/\/dusati.com\/hr\/wp-json\/wp\/v2\/types\/page"}],"author":[{"embeddable":true,"href":"https:\/\/dusati.com\/hr\/wp-json\/wp\/v2\/users\/1"}],"replies":[{"embeddable":true,"href":"https:\/\/dusati.com\/hr\/wp-json\/wp\/v2\/comments?post=19"}],"version-history":[{"count":0,"href":"https:\/\/dusati.com\/hr\/wp-json\/wp\/v2\/pages\/19\/revisions"}],"up":[{"embeddable":true,"href":"https:\/\/dusati.com\/hr\/wp-json\/wp\/v2\/pages\/15"}],"wp:attachment":[{"href":"https:\/\/dusati.com\/hr\/wp-json\/wp\/v2\/media?parent=19"}],"curies":[{"name":"wp","href":"https:\/\/api.w.org\/{rel}","templated":true}]}}