{"id":816,"date":"2024-01-03T21:03:40","date_gmt":"2024-01-03T20:03:40","guid":{"rendered":"https:\/\/dusati.com\/?page_id=816"},"modified":"2026-03-19T16:10:27","modified_gmt":"2026-03-19T15:10:27","slug":"terms-conditions","status":"publish","type":"page","link":"https:\/\/dusati.com\/hr\/uvjeti\/","title":{"rendered":"Uvjeti"},"content":{"rendered":"\t\t<div data-elementor-type=\"wp-page\" data-elementor-id=\"816\" class=\"elementor elementor-816\">\n\t\t\t\t<div class=\"elementor-element elementor-element-76466c0 e-flex e-con-boxed e-con e-parent\" data-id=\"76466c0\" data-element_type=\"container\" data-e-type=\"container\" data-settings=\"{&quot;background_background&quot;:&quot;classic&quot;}\">\n\t\t\t\t\t<div class=\"e-con-inner\">\n\t\t\t\t<div class=\"elementor-element elementor-element-5c5dce9 elementor-widget elementor-widget-text-editor\" data-id=\"5c5dce9\" data-element_type=\"widget\" data-e-type=\"widget\" data-widget_type=\"text-editor.default\">\n\t\t\t\t<div class=\"elementor-widget-container\">\n\t\t\t\t\t\t\t\t\t<p><span style=\"text-decoration: underline;\"><strong>Napomena<\/strong><\/span><\/p><p>Polog za \u0161tetu iznosi 300 \u20ac za Premium apartman, dok za sve ostale apartmane iznosi 150 \u20ac. Polog se vra\u0107a zadnjeg dana boravka.<\/p><p>Jednokratna naknada za \u010di\u0161\u0107enje iznosi 60,00 \u20ac za Premium apartman te 50,00 \u20ac za ostale apartmane i napla\u0107uje se prilikom prijave.<\/p><p>Kreditne i debitne kartice te \u010dekovi ne prihva\u0107aju se.<\/p><p>Dolazak u apartmane mogu\u0107 je nakon 15:00 sati, a odlazak do 9:00 sati. Dolasci i odlasci su subotom za sve apartmane, osim za Premium apartman, gdje su dolazak i odlazak nedjeljom.<\/p><p>Ku\u0107ni ljubimci dopu\u0161teni su na upit uz dodatnu naknadu od 15,00 \u20ac po no\u0107enju za sve apartmane.<\/p><p>Ako je mogu\u0107e, molimo da nas kontaktirate na engleskom, hrvatskom ili talijanskom jeziku.<\/p>\t\t\t\t\t\t\t\t<\/div>\n\t\t\t\t<\/div>\n\t\t\t\t\t<\/div>\n\t\t\t\t<\/div>\n\t\t<div class=\"elementor-element elementor-element-f875dc1 e-flex e-con-boxed e-con e-parent\" data-id=\"f875dc1\" data-element_type=\"container\" data-e-type=\"container\">\n\t\t\t\t\t<div class=\"e-con-inner\">\n\t\t\t\t<div class=\"elementor-element elementor-element-df2a982 elementor-widget elementor-widget-spacer\" data-id=\"df2a982\" data-element_type=\"widget\" data-e-type=\"widget\" data-widget_type=\"spacer.default\">\n\t\t\t\t<div class=\"elementor-widget-container\">\n\t\t\t\t\t\t\t<div class=\"elementor-spacer\">\n\t\t\t<div class=\"elementor-spacer-inner\"><\/div>\n\t\t<\/div>\n\t\t\t\t\t\t<\/div>\n\t\t\t\t<\/div>\n\t\t\t\t<div class=\"elementor-element elementor-element-6398faa elementor-widget elementor-widget-stratum-table\" data-id=\"6398faa\" data-element_type=\"widget\" data-e-type=\"widget\" data-widget_type=\"stratum-table.default\">\n\t\t\t\t<div class=\"elementor-widget-container\">\n\t\t\t\t\t<div class=\"stratum-table\">\n\t<table class=\"stratum-table__table\">\n\t\t<thead>\n\t\t\t<tr>\n\t\t\t\t\t\t\t<th colspan=\"0\" style='background: #455D58;'>\n\t\t\t\t\t<div class=\"stratum-table__header-cell align-content-center\">\n\t\t\t\t\t\t<span class=\"stratum-table__cell-title has-media-left\" >\n\t\t\t\t\t\t\t\t\t\t\t\t\t<\/span>\n\t\t\t\t\t<\/div>\n\t\t\t\t<\/th>\t\t\t\t<th colspan=\"\" style='background: #455D58;'>\n\t\t\t\t\t<div class=\"stratum-table__header-cell align-content-center\">\n\t\t\t\t\t\t<span class=\"stratum-table__cell-title has-media-left\" style='color: #FAF7F2;'>\n\t\t\t\t\t\t\tPremium apartment\t\t\t\t\t\t<\/span>\n\t\t\t\t\t<\/div>\n\t\t\t\t<\/th>\t\t\t\t<th colspan=\"0\" style='background: #455D58;'>\n\t\t\t\t\t<div class=\"stratum-table__header-cell align-content-center\">\n\t\t\t\t\t\t<span class=\"stratum-table__cell-title has-media-left\" style='color: #FAF7F2;'>\n\t\t\t\t\t\t\tApp.: Ana, Lorena, Maria, Paola\t\t\t\t\t\t<\/span>\n\t\t\t\t\t<\/div>\n\t\t\t\t<\/th>\t\t\t<\/tr>\n\t\t<\/thead>\n\t\t<tbody>\n\t\t\t\t\t<tr>\n\t\t\t\t\t\t<\/tr>\n\t\t\t\t\t<tr>\n\t\t\t\t\t\t<\/tr>\n\t\t\t\t\t<tr>\n\t\t\t\t\t\t\t\t<td style='background: #DADFDE;' colspan=\"1\">\n\t\t\t\t\t\t\t\t\t\t\t\t<div class=\"stratum-table__body-cell align-content-center\">\n\t\t\t\t\t\t\t\t\t\t\t\t\t\t\t<span class=\"stratum-table__cell-title has-media-left\" >Polog za \u0161tetu<\/span>\n\t\t\t\t\t\t\t\t\t\t\t\t\t<\/div>\n\t\t\t\t\t<\/td>\t\t\t\t\t<td style='background: #DADFDE;' colspan=\"\">\n\t\t\t\t\t\t\t\t\t\t\t\t<div class=\"stratum-table__body-cell align-content-center\">\n\t\t\t\t\t\t\t\t\t\t\t\t\t\t\t<span class=\"stratum-table__cell-title has-media-left\" >\u20ac 300.00<\/span>\n\t\t\t\t\t\t\t\t\t\t\t\t\t<\/div>\n\t\t\t\t\t<\/td>\t\t\t\t\t<td style='background: #DADFDE;' colspan=\"\">\n\t\t\t\t\t\t\t\t\t\t\t\t<div class=\"stratum-table__body-cell align-content-center\">\n\t\t\t\t\t\t\t\t\t\t\t\t\t\t\t<span class=\"stratum-table__cell-title has-media-left\" >\u20ac 150.00<\/span>\n\t\t\t\t\t\t\t\t\t\t\t\t\t<\/div>\n\t\t\t\t\t<\/td>\t\t\t<\/tr>\n\t\t\t\t\t<tr>\n\t\t\t\t\t\t\t\t<td  colspan=\"\">\n\t\t\t\t\t\t\t\t\t\t\t\t<div class=\"stratum-table__body-cell align-content-center\">\n\t\t\t\t\t\t\t\t\t\t\t\t\t\t\t<span class=\"stratum-table__cell-title has-media-left\" >Naknada za \u010di\u0161\u0107enje<\/span>\n\t\t\t\t\t\t\t\t\t\t\t\t\t<\/div>\n\t\t\t\t\t<\/td>\t\t\t\t\t<td  colspan=\"\">\n\t\t\t\t\t\t\t\t\t\t\t\t<div class=\"stratum-table__body-cell align-content-center\">\n\t\t\t\t\t\t\t\t\t\t\t\t\t\t\t<span class=\"stratum-table__cell-title has-media-left\" >\u20ac 60.00<\/span>\n\t\t\t\t\t\t\t\t\t\t\t\t\t<\/div>\n\t\t\t\t\t<\/td>\t\t\t\t\t<td  colspan=\"\">\n\t\t\t\t\t\t\t\t\t\t\t\t<div class=\"stratum-table__body-cell align-content-center\">\n\t\t\t\t\t\t\t\t\t\t\t\t\t\t\t<span class=\"stratum-table__cell-title has-media-left\" >\u20ac 50.00<\/span>\n\t\t\t\t\t\t\t\t\t\t\t\t\t<\/div>\n\t\t\t\t\t<\/td>\t\t\t<\/tr>\n\t\t\t\t\t<tr>\n\t\t\t\t\t\t\t\t<td style='background: #DADFDE;' colspan=\"\">\n\t\t\t\t\t\t\t\t\t\t\t\t<div class=\"stratum-table__body-cell align-content-center\">\n\t\t\t\t\t\t\t\t\t\t\t\t\t\t\t<span class=\"stratum-table__cell-title has-media-left\" >Psi<\/span>\n\t\t\t\t\t\t\t\t\t\t\t\t\t<\/div>\n\t\t\t\t\t<\/td>\t\t\t\t\t<td style='background: #DADFDE;' colspan=\"\">\n\t\t\t\t\t\t\t\t\t\t\t\t<div class=\"stratum-table__body-cell align-content-center\">\n\t\t\t\t\t\t\t\t\t\t\t\t\t\t\t<span class=\"stratum-table__cell-title has-media-left\" >\u20ac 15.00<\/span>\n\t\t\t\t\t\t\t\t\t\t\t\t\t<\/div>\n\t\t\t\t\t<\/td>\t\t\t\t\t<td style='background: #DADFDE;' colspan=\"\">\n\t\t\t\t\t\t\t\t\t\t\t\t<div class=\"stratum-table__body-cell align-content-center\">\n\t\t\t\t\t\t\t\t\t\t\t\t\t\t\t<span class=\"stratum-table__cell-title has-media-left\" >\u20ac 15.00<\/span>\n\t\t\t\t\t\t\t\t\t\t\t\t\t<\/div>\n\t\t\t\t\t<\/td>\t\t\t<\/tr>\n\t\t\t\t<\/tbody>\n\t<\/table>\n<\/div>\n\t\t\t\t<\/div>\n\t\t\t\t<\/div>\n\t\t\t\t\t<\/div>\n\t\t\t\t<\/div>\n\t\t<div class=\"elementor-element elementor-element-f6e1ff1 e-flex e-con-boxed e-con e-parent\" data-id=\"f6e1ff1\" data-element_type=\"container\" data-e-type=\"container\">\n\t\t\t\t\t<div class=\"e-con-inner\">\n\t\t\t\t<div class=\"elementor-element elementor-element-42f153e elementor-widget elementor-widget-spacer\" data-id=\"42f153e\" data-element_type=\"widget\" data-e-type=\"widget\" data-widget_type=\"spacer.default\">\n\t\t\t\t<div class=\"elementor-widget-container\">\n\t\t\t\t\t\t\t<div class=\"elementor-spacer\">\n\t\t\t<div class=\"elementor-spacer-inner\"><\/div>\n\t\t<\/div>\n\t\t\t\t\t\t<\/div>\n\t\t\t\t<\/div>\n\t\t\t\t<div class=\"elementor-element elementor-element-e910dc2 elementor-widget elementor-widget-text-editor\" data-id=\"e910dc2\" data-element_type=\"widget\" data-e-type=\"widget\" data-widget_type=\"text-editor.default\">\n\t\t\t\t<div class=\"elementor-widget-container\">\n\t\t\t\t\t\t\t\t\t<p><span style=\"text-decoration: underline;\"><strong>Otkazivanje rezervacije<\/strong><\/span><\/p><p>U slu\u010daju da gost \u017eeli samostalno otkazati rezervaciju, du\u017ean je to u\u010diniti u pisanom obliku (putem e-po\u0161te ili faksa). Za potvr\u0111ene rezervacije smje\u0161tajnih jedinica, tro\u0161kovi se obra\u010dunavaju prema datumu zaprimanja pisanog otkaza, kako slijedi:<\/p><ul><li>za otkazivanje rezervacije do 49 dana prije po\u010detka usluge \u2013 20 % ukupnog iznosa rezervacije<\/li><li>za otkazivanje rezervacije 49 \u2013 35 dana prije po\u010detka usluge \u2013 30 % ukupnog iznosa rezervacije<\/li><li>za otkazivanje rezervacije 35 \u2013 21 dan prije po\u010detka usluge \u2013 50 % ukupnog iznosa rezervacije<\/li><li>za otkazivanje rezervacije 21 \u2013 10 dana prije po\u010detka usluge \u2013 80 % ukupnog iznosa rezervacije<\/li><li>za otkazivanje rezervacije manje od 10 dana prije po\u010detka usluge \u2013 100 % ukupnog iznosa rezervacije<\/li><\/ul><p>U slu\u010daju da gost ne do\u0111e do pono\u0107i na dan po\u010detka usluge, a prethodno nije obavijestio doma\u0107ina, rezervacija \u0107e se smatrati otkazanom te \u0107e se naplatiti odgovaraju\u0107i tro\u0161kovi otkaza sukladno gore navedenim uvjetima.<\/p>\t\t\t\t\t\t\t\t<\/div>\n\t\t\t\t<\/div>\n\t\t\t\t\t<\/div>\n\t\t\t\t<\/div>\n\t\t<div class=\"elementor-element elementor-element-3b32dc4 e-flex e-con-boxed e-con e-parent\" data-id=\"3b32dc4\" data-element_type=\"container\" data-e-type=\"container\" data-settings=\"{&quot;background_background&quot;:&quot;classic&quot;}\">\n\t\t\t\t\t<div class=\"e-con-inner\">\n\t\t\t\t<div class=\"elementor-element elementor-element-b1c922c elementor-widget elementor-widget-text-editor\" data-id=\"b1c922c\" data-element_type=\"widget\" data-e-type=\"widget\" data-widget_type=\"text-editor.default\">\n\t\t\t\t<div class=\"elementor-widget-container\">\n\t\t\t\t\t\t\t\t\t<p><span style=\"text-decoration: underline;\"><strong>U cijenu je uklju\u010deno:<\/strong><\/span><br \/>Boravi\u0161na pristojba, struja, voda, plin, posteljina i ru\u010dnici.<\/p><p><span style=\"text-decoration: underline;\"><strong>Na\u010din pla\u0107anja:<\/strong><\/span><br \/>Pla\u0107anje se vr\u0161i u dva obroka.<\/p><ul><li>Avans od 30% pla\u0107a se unaprijed pri rezervaciji.<\/li><li>Ostatak cijene pla\u0107a se po dolasku.<\/li><\/ul><p>Pla\u0107anje se mo\u017ee izvr\u0161iti na devizni ra\u010dun putem bankovnog transfera.<\/p><p><strong>Napomena<\/strong>: gost snosi sve bankovne naknade.<\/p><p>Za dodatne informacije, molimo kontaktirajte nas!<\/p>\t\t\t\t\t\t\t\t<\/div>\n\t\t\t\t<\/div>\n\t\t\t\t\t<\/div>\n\t\t\t\t<\/div>\n\t\t\t\t<\/div>\n\t\t","protected":false},"excerpt":{"rendered":"<p>Important Notes \/ Terms of Stay A damage deposit of \u20ac300 is required for the Premium apartment, and \u20ac150 for all other apartments. The deposit is fully refundable on your last day of stay A one-time cleaning fee of \u20ac60.00 applies to the Premium apartment, and \u20ac50.00 for all other apartments. This fee is charged [&hellip;]<\/p>\n","protected":false},"author":1,"featured_media":0,"parent":0,"menu_order":0,"comment_status":"closed","ping_status":"closed","template":"","meta":{"inline_featured_image":false,"_monsterinsights_skip_tracking":false,"_monsterinsights_sitenote_active":false,"_monsterinsights_sitenote_note":"","_monsterinsights_sitenote_category":0,"footnotes":""},"class_list":["post-816","page","type-page","status-publish","hentry"],"aioseo_notices":[],"_links":{"self":[{"href":"https:\/\/dusati.com\/hr\/wp-json\/wp\/v2\/pages\/816","targetHints":{"allow":["GET"]}}],"collection":[{"href":"https:\/\/dusati.com\/hr\/wp-json\/wp\/v2\/pages"}],"about":[{"href":"https:\/\/dusati.com\/hr\/wp-json\/wp\/v2\/types\/page"}],"author":[{"embeddable":true,"href":"https:\/\/dusati.com\/hr\/wp-json\/wp\/v2\/users\/1"}],"replies":[{"embeddable":true,"href":"https:\/\/dusati.com\/hr\/wp-json\/wp\/v2\/comments?post=816"}],"version-history":[{"count":56,"href":"https:\/\/dusati.com\/hr\/wp-json\/wp\/v2\/pages\/816\/revisions"}],"predecessor-version":[{"id":1693,"href":"https:\/\/dusati.com\/hr\/wp-json\/wp\/v2\/pages\/816\/revisions\/1693"}],"wp:attachment":[{"href":"https:\/\/dusati.com\/hr\/wp-json\/wp\/v2\/media?parent=816"}],"curies":[{"name":"wp","href":"https:\/\/api.w.org\/{rel}","templated":true}]}}